{"id":130,"date":"2025-10-08T15:29:27","date_gmt":"2025-10-08T15:29:27","guid":{"rendered":"https:\/\/sef.jezik.hr\/?page_id=130"},"modified":"2026-04-06T17:37:15","modified_gmt":"2026-04-06T17:37:15","slug":"radovi","status":"publish","type":"page","link":"https:\/\/sef.jezik.hr\/?page_id=130","title":{"rendered":"Radovi"},"content":{"rendered":"<p>Pavi\u0107, Martina. 2025. <a href=\"https:\/\/doi.fil.bg.ac.rs\/pdf\/eb_ser\/judig\/2025-1\/judig-2025-1-ch18.pdf\" target=\"_blank\" rel=\"noopener\">Frekvencija zna\u010denja pridjeva u hrvatskome medicinskom nazivlju \u2012 korpusno utemeljena analiza kolokacija<\/a>. <em>Proceedings of the International Conference South Slavic Languages in the Digital Environment JuDig: Thematic Collection of Papers. <\/em>Moskovljevi\u0107 Popovi\u0107, Jasmina; Stankovi\u0107, Ranka (ur.). Beograd: Sveu\u010dili\u0161te u Beogradu \u2014 Filolo\u0161ki fakultet, 311<span id=\"copiedText\">&#8211;<\/span>335.<\/p>\n<p>Pavi\u0107, Martina; Farka\u0161, Da\u0161a. 2025. <a href=\"https:\/\/elex.link\/elex2025\/wp-content\/uploads\/eLex2025-35-PavicFarkas.pdf\" target=\"_blank\" rel=\"noopener\">Comparative Analysis of Medical Adjectives in Croatian General Dictionaries<\/a>. <em>Electronic lexicography in the 21st century (eLex 2025). Intelligent Lexicography<\/em>. Kosem, Iztok; Jakub\u00ed\u010dek, MiIo\u0161; Medve\u010f, Marek et al. (ur.). Brno: Lexical Computing CZ s.r.o., 583<span id=\"copiedText\">&#8211;<\/span>601.<\/p>\n<p>Bra\u010d, Ivana; Ostro\u0161ki Ani\u0107, Ana. 2025. <span id=\"copiedText\"><a href=\"https:\/\/aclanthology.org\/2025.ldk-1.7\/\" target=\"_blank\" rel=\"noopener\">Assigning FrameNet Frames to a Croatian Verb Lexicon<\/a>. <em>Proceedings of the 5th conference on Language, Data and Knowledge. <\/em>Alam, Mehwish; Tchechmedjiev, Andon; Gracia, Jorge et al. (ur.). Napulj: Unior Press. 56-61.\u00a0<\/span><\/p>\n<p>Ostro\u0161ki Ani\u0107, Ana; Pavi\u0107, Martina. 2025. <span id=\"copiedText\"><a href=\"https:\/\/ceur-ws.org\/Vol-3990\/short6.pdf\" target=\"_blank\" rel=\"noopener\">Defining Autoimmune Diseases in Expert and Non-Expert Texts<\/a>. <em>Proceedings of the 4rd International Conference on Multilingual Digital Terminology Today (MDTT 2025)<\/em>. Vezzani, Federica; Di Nunzio, Giorgio Maria; Loupaki, Elpida et al. (ur.). Solun: CEUR Workshop Proceedings.\u00a0<\/span><\/p>\n<p>Pavi\u0107, Martina. 2025. <span id=\"copiedText\"><a href=\"https:\/\/ceur-ws.org\/Vol-3990\/short6.pdf\" target=\"_blank\" rel=\"noopener\">Prevalence of Croatian Muscle Terms in University Textbooks<\/a>. <em>Proceedings of the 1st International Workshop on Terminological Neologism Management (NeoTerm 2025). <\/em>Vezzani, Federica; Ostro\u0161ki Ani\u0107, Ana; Salgado, Ana; Tallarico, Giovanni (ur.). Solun: CEUR Workshop Proceedings.<\/span><\/p>\n<p>Ostro\u0161ki Ani\u0107, Ana. 2024. <a href=\"https:\/\/morepress.unizd.hr\/books\/index.php\/press\/catalog\/view\/131\/141\/2621\">Definitional Patterns in Specialized Resources for Schoolchildren<\/a>. <em>Corpora in Language Learning, Translation and Research<\/em>. Gr\u010di\u0107, Larisa; Brki\u0107 Bakari\u0107, Marija (ur.). Zadar: Sveu\u010dili\u0161te u Zadru &#8211; Sveu\u010dili\u0161te u Rijeci, Fakultet informatike i digitalnih tehnoogija. 72-87. doi: 10.15291\/9789533315355.06.<\/p>\n<p>Ostro\u0161ki Ani\u0107, Ana. 2024. <a href=\"https:\/\/ceur-ws.org\/Vol-3703\/short9.pdf\">Representation of Figurative Terms in Specialized Lexical Resources<\/a>. <em>Proceedings of the 3rd International Conference on Multilingual Digital Terminology Today (MDTT 2024)<\/em>. Vezzani, Federica; Di Nunzio, Giorgio Maria; S\u00e1nchez C\u00e1rdenas, Beatriz et al. (ur.). Granada: CEUR Workshop Proceedings.<\/p>\n","protected":false},"excerpt":{"rendered":"<p>Pavi\u0107, Martina. 2025. Frekvencija zna\u010denja pridjeva u hrvatskome medicinskom nazivlju \u2012 korpusno utemeljena analiza kolokacija. Proceedings of the International Conference South Slavic Languages in the Digital Environment JuDig: Thematic Collection of Papers. Moskovljevi\u0107 Popovi\u0107, Jasmina; Stankovi\u0107, Ranka (ur.). Beograd: Sveu\u010dili\u0161te u Beogradu \u2014 Filolo\u0161ki fakultet, 311&#8211;335. Pavi\u0107, Martina; Farka\u0161, Da\u0161a. 2025. Comparative Analysis of Medical [&hellip;]<\/p>\n","protected":false},"author":2,"featured_media":0,"parent":0,"menu_order":0,"comment_status":"closed","ping_status":"closed","template":"","meta":{"ocean_post_layout":"","ocean_both_sidebars_style":"","ocean_both_sidebars_content_width":0,"ocean_both_sidebars_sidebars_width":0,"ocean_sidebar":"","ocean_second_sidebar":"","ocean_disable_margins":"enable","ocean_add_body_class":"","ocean_shortcode_before_top_bar":"","ocean_shortcode_after_top_bar":"","ocean_shortcode_before_header":"","ocean_shortcode_after_header":"","ocean_has_shortcode":"","ocean_shortcode_after_title":"","ocean_shortcode_before_footer_widgets":"","ocean_shortcode_after_footer_widgets":"","ocean_shortcode_before_footer_bottom":"","ocean_shortcode_after_footer_bottom":"","ocean_display_top_bar":"default","ocean_display_header":"default","ocean_header_style":"","ocean_center_header_left_menu":"","ocean_custom_header_template":"","ocean_custom_logo":0,"ocean_custom_retina_logo":0,"ocean_custom_logo_max_width":0,"ocean_custom_logo_tablet_max_width":0,"ocean_custom_logo_mobile_max_width":0,"ocean_custom_logo_max_height":0,"ocean_custom_logo_tablet_max_height":0,"ocean_custom_logo_mobile_max_height":0,"ocean_header_custom_menu":"","ocean_menu_typo_font_family":"","ocean_menu_typo_font_subset":"","ocean_menu_typo_font_size":0,"ocean_menu_typo_font_size_tablet":0,"ocean_menu_typo_font_size_mobile":0,"ocean_menu_typo_font_size_unit":"px","ocean_menu_typo_font_weight":"","ocean_menu_typo_font_weight_tablet":"","ocean_menu_typo_font_weight_mobile":"","ocean_menu_typo_transform":"","ocean_menu_typo_transform_tablet":"","ocean_menu_typo_transform_mobile":"","ocean_menu_typo_line_height":0,"ocean_menu_typo_line_height_tablet":0,"ocean_menu_typo_line_height_mobile":0,"ocean_menu_typo_line_height_unit":"","ocean_menu_typo_spacing":0,"ocean_menu_typo_spacing_tablet":0,"ocean_menu_typo_spacing_mobile":0,"ocean_menu_typo_spacing_unit":"","ocean_menu_link_color":"","ocean_menu_link_color_hover":"","ocean_menu_link_color_active":"","ocean_menu_link_background":"","ocean_menu_link_hover_background":"","ocean_menu_link_active_background":"","ocean_menu_social_links_bg":"","ocean_menu_social_hover_links_bg":"","ocean_menu_social_links_color":"","ocean_menu_social_hover_links_color":"","ocean_disable_title":"default","ocean_disable_heading":"default","ocean_post_title":"","ocean_post_subheading":"","ocean_post_title_style":"","ocean_post_title_background_color":"","ocean_post_title_background":0,"ocean_post_title_bg_image_position":"","ocean_post_title_bg_image_attachment":"","ocean_post_title_bg_image_repeat":"","ocean_post_title_bg_image_size":"","ocean_post_title_height":0,"ocean_post_title_bg_overlay":0.5,"ocean_post_title_bg_overlay_color":"","ocean_disable_breadcrumbs":"default","ocean_breadcrumbs_color":"","ocean_breadcrumbs_separator_color":"","ocean_breadcrumbs_links_color":"","ocean_breadcrumbs_links_hover_color":"","ocean_display_footer_widgets":"default","ocean_display_footer_bottom":"default","ocean_custom_footer_template":"","footnotes":""},"class_list":["post-130","page","type-page","status-publish","hentry","entry"],"_links":{"self":[{"href":"https:\/\/sef.jezik.hr\/index.php?rest_route=\/wp\/v2\/pages\/130","targetHints":{"allow":["GET"]}}],"collection":[{"href":"https:\/\/sef.jezik.hr\/index.php?rest_route=\/wp\/v2\/pages"}],"about":[{"href":"https:\/\/sef.jezik.hr\/index.php?rest_route=\/wp\/v2\/types\/page"}],"author":[{"embeddable":true,"href":"https:\/\/sef.jezik.hr\/index.php?rest_route=\/wp\/v2\/users\/2"}],"replies":[{"embeddable":true,"href":"https:\/\/sef.jezik.hr\/index.php?rest_route=%2Fwp%2Fv2%2Fcomments&post=130"}],"version-history":[{"count":4,"href":"https:\/\/sef.jezik.hr\/index.php?rest_route=\/wp\/v2\/pages\/130\/revisions"}],"predecessor-version":[{"id":173,"href":"https:\/\/sef.jezik.hr\/index.php?rest_route=\/wp\/v2\/pages\/130\/revisions\/173"}],"wp:attachment":[{"href":"https:\/\/sef.jezik.hr\/index.php?rest_route=%2Fwp%2Fv2%2Fmedia&parent=130"}],"curies":[{"name":"wp","href":"https:\/\/api.w.org\/{rel}","templated":true}]}}