{"id":132,"date":"2025-10-08T15:30:03","date_gmt":"2025-10-08T15:30:03","guid":{"rendered":"https:\/\/sef.jezik.hr\/?page_id=132"},"modified":"2026-04-06T17:40:21","modified_gmt":"2026-04-06T17:40:21","slug":"dogadaji","status":"publish","type":"page","link":"https:\/\/sef.jezik.hr\/?page_id=132","title":{"rendered":"Radionice"},"content":{"rendered":"<p><a href=\"https:\/\/hdpl.hr\/upload\/Radionica%20Terminologija_HDPL%202025.pdf\" target=\"_blank\" rel=\"noopener\">Terminologija i specijalizirano znanje: novi pravci<\/a> &#8211; terminolo\u0161ka radionica odr\u017eana 11. lipnja 2025. kao pretkonferencijski doga\u0111aj me\u0111unarodnoga znanstvenog skupa Hrvatskoga dru\u0161tva za primijenjenu lingvistiku na Filozofskom fakultetu Sveu\u010dili\u0161ta u Zagrebu.<\/p>\n<p><a href=\"https:\/\/ffzghr-my.sharepoint.com\/personal\/mtadic_m_ffzg_hr\/_layouts\/15\/onedrive.aspx?id=%2Fpersonal%2Fmtadic%5Fm%5Fffzg%5Fhr%2FDocuments%2Fprojekti%5Fshared%2FCLARIN%2FUser%20involvment%2FTerminolog%20i%20prevoditelj%2Epdf&amp;parent=%2Fpersonal%2Fmtadic%5Fm%5Fffzg%5Fhr%2FDocuments%2Fprojekti%5Fshared%2FCLARIN%2FUser%20involvment&amp;ga=1\" target=\"_blank\" rel=\"noopener\">2. HR-CLARIN prevoditeljski utorak<\/a> &#8211; terminolo\u0161ka radionica za prevoditelje koju je Ana Ostro\u0161ki Ani\u0107 odr\u017eala 21. svibnja 2025. na Filozofskom fakultetu Sveu\u010dili\u0161ta u Zagrebu.<\/p>\n<p>1. <a href=\"https:\/\/ffzghr-my.sharepoint.com\/:p:\/g\/personal\/mtadic_m_ffzg_hr\/EUh7w9JCKgJIgU19JPYzbgIBHwBneUW4LT6CKfrwYILUZQ?e=djaGiO\" target=\"_blank\" rel=\"noopener\">HR-CLARIN prevoditeljski utorak<\/a> &#8211; radionica za prevoditelje koju je odr\u017eala Martina Pavi\u0107 13. svibnja 2025. na Filozofskom fakultetu Sveu\u010dili\u0161ta u Zagrebu.<\/p>\n<p><a href=\"https:\/\/euralex.jezik.hr\/workshops\/\">Figurative Language and Large Language Models<\/a> &#8211; radionica odr\u017eana 8. listopada 2024. u Cavtatu u okviru konferencije EURALEX u suorganizaciji s projektom <a href=\"http:\/\/ihjj.hr\/projekt\/metafora-i-metonimija-u-jeziku-i-misljenju\/116\/\">Metafora i metonimija u jeziku i mi\u0161ljenju.<\/a><\/p>\n<p>&nbsp;<\/p>\n","protected":false},"excerpt":{"rendered":"<p>Terminologija i specijalizirano znanje: novi pravci &#8211; terminolo\u0161ka radionica odr\u017eana 11. lipnja 2025. kao pretkonferencijski doga\u0111aj me\u0111unarodnoga znanstvenog skupa Hrvatskoga dru\u0161tva za primijenjenu lingvistiku na Filozofskom fakultetu Sveu\u010dili\u0161ta u Zagrebu. 2. HR-CLARIN prevoditeljski utorak &#8211; terminolo\u0161ka radionica za prevoditelje koju je Ana Ostro\u0161ki Ani\u0107 odr\u017eala 21. svibnja 2025. na Filozofskom fakultetu Sveu\u010dili\u0161ta u Zagrebu. 1. [&hellip;]<\/p>\n","protected":false},"author":2,"featured_media":0,"parent":0,"menu_order":0,"comment_status":"closed","ping_status":"closed","template":"","meta":{"ocean_post_layout":"","ocean_both_sidebars_style":"","ocean_both_sidebars_content_width":0,"ocean_both_sidebars_sidebars_width":0,"ocean_sidebar":"","ocean_second_sidebar":"","ocean_disable_margins":"enable","ocean_add_body_class":"","ocean_shortcode_before_top_bar":"","ocean_shortcode_after_top_bar":"","ocean_shortcode_before_header":"","ocean_shortcode_after_header":"","ocean_has_shortcode":"","ocean_shortcode_after_title":"","ocean_shortcode_before_footer_widgets":"","ocean_shortcode_after_footer_widgets":"","ocean_shortcode_before_footer_bottom":"","ocean_shortcode_after_footer_bottom":"","ocean_display_top_bar":"default","ocean_display_header":"default","ocean_header_style":"","ocean_center_header_left_menu":"","ocean_custom_header_template":"","ocean_custom_logo":0,"ocean_custom_retina_logo":0,"ocean_custom_logo_max_width":0,"ocean_custom_logo_tablet_max_width":0,"ocean_custom_logo_mobile_max_width":0,"ocean_custom_logo_max_height":0,"ocean_custom_logo_tablet_max_height":0,"ocean_custom_logo_mobile_max_height":0,"ocean_header_custom_menu":"","ocean_menu_typo_font_family":"","ocean_menu_typo_font_subset":"","ocean_menu_typo_font_size":0,"ocean_menu_typo_font_size_tablet":0,"ocean_menu_typo_font_size_mobile":0,"ocean_menu_typo_font_size_unit":"px","ocean_menu_typo_font_weight":"","ocean_menu_typo_font_weight_tablet":"","ocean_menu_typo_font_weight_mobile":"","ocean_menu_typo_transform":"","ocean_menu_typo_transform_tablet":"","ocean_menu_typo_transform_mobile":"","ocean_menu_typo_line_height":0,"ocean_menu_typo_line_height_tablet":0,"ocean_menu_typo_line_height_mobile":0,"ocean_menu_typo_line_height_unit":"","ocean_menu_typo_spacing":0,"ocean_menu_typo_spacing_tablet":0,"ocean_menu_typo_spacing_mobile":0,"ocean_menu_typo_spacing_unit":"","ocean_menu_link_color":"","ocean_menu_link_color_hover":"","ocean_menu_link_color_active":"","ocean_menu_link_background":"","ocean_menu_link_hover_background":"","ocean_menu_link_active_background":"","ocean_menu_social_links_bg":"","ocean_menu_social_hover_links_bg":"","ocean_menu_social_links_color":"","ocean_menu_social_hover_links_color":"","ocean_disable_title":"default","ocean_disable_heading":"default","ocean_post_title":"","ocean_post_subheading":"","ocean_post_title_style":"","ocean_post_title_background_color":"","ocean_post_title_background":0,"ocean_post_title_bg_image_position":"","ocean_post_title_bg_image_attachment":"","ocean_post_title_bg_image_repeat":"","ocean_post_title_bg_image_size":"","ocean_post_title_height":0,"ocean_post_title_bg_overlay":0.5,"ocean_post_title_bg_overlay_color":"","ocean_disable_breadcrumbs":"default","ocean_breadcrumbs_color":"","ocean_breadcrumbs_separator_color":"","ocean_breadcrumbs_links_color":"","ocean_breadcrumbs_links_hover_color":"","ocean_display_footer_widgets":"default","ocean_display_footer_bottom":"default","ocean_custom_footer_template":"","footnotes":""},"class_list":["post-132","page","type-page","status-publish","hentry","entry"],"_links":{"self":[{"href":"https:\/\/sef.jezik.hr\/index.php?rest_route=\/wp\/v2\/pages\/132","targetHints":{"allow":["GET"]}}],"collection":[{"href":"https:\/\/sef.jezik.hr\/index.php?rest_route=\/wp\/v2\/pages"}],"about":[{"href":"https:\/\/sef.jezik.hr\/index.php?rest_route=\/wp\/v2\/types\/page"}],"author":[{"embeddable":true,"href":"https:\/\/sef.jezik.hr\/index.php?rest_route=\/wp\/v2\/users\/2"}],"replies":[{"embeddable":true,"href":"https:\/\/sef.jezik.hr\/index.php?rest_route=%2Fwp%2Fv2%2Fcomments&post=132"}],"version-history":[{"count":4,"href":"https:\/\/sef.jezik.hr\/index.php?rest_route=\/wp\/v2\/pages\/132\/revisions"}],"predecessor-version":[{"id":174,"href":"https:\/\/sef.jezik.hr\/index.php?rest_route=\/wp\/v2\/pages\/132\/revisions\/174"}],"wp:attachment":[{"href":"https:\/\/sef.jezik.hr\/index.php?rest_route=%2Fwp%2Fv2%2Fmedia&parent=132"}],"curies":[{"name":"wp","href":"https:\/\/api.w.org\/{rel}","templated":true}]}}