{"id":20,"date":"2024-11-23T18:14:46","date_gmt":"2024-11-23T18:14:46","guid":{"rendered":"https:\/\/taskterm.eu\/?page_id=20"},"modified":"2025-11-04T17:38:00","modified_gmt":"2025-11-04T17:38:00","slug":"suradnici","status":"publish","type":"page","link":"https:\/\/sef.jezik.hr\/?page_id=20","title":{"rendered":"Suradnici"},"content":{"rendered":"<p><a href=\"https:\/\/portal.uniri.hr\/portfelj\/1023\" target=\"_blank\" rel=\"noopener\">Martina Baj\u010di\u0107<\/a>, Pravni fakultet Sveu\u010dili\u0161ta u Rijeci<\/p>\n<p><a href=\"https:\/\/theta.ffzg.hr\/ECTS\/Osoba\/Index\/5060\" target=\"_blank\" rel=\"noopener\">Matea Filko<\/a>, Filozofski fakultet Sveu\u010dili\u0161ta u Zagrebu<\/p>\n<p><a href=\"http:\/\/ihjj.hr\/istrazivac\/maja-matijevic\/90\/\" target=\"_blank\" rel=\"noopener\">Maja Matijevi\u0107<\/a>, Institut za hrvatski jezik<\/p>\n<p><a href=\"http:\/\/ihjj.hr\/istrazivac\/ana-ostroski-anic\/17\/\" target=\"_blank\" rel=\"noopener\">Ana Ostro\u0161ki Ani\u0107<\/a>, Institut za hrvatski jezik, voditeljica<\/p>\n<p><a href=\"http:\/\/ihjj.hr\/istrazivac\/martina-pavic\/89\/\" target=\"_blank\" rel=\"noopener\">Martina Pavi\u0107<\/a>, Institut za hrvatski jezik<\/p>\n<p><a href=\"http:\/\/ihjj.hr\/istrazivac\/sinisa-runjaic\/5\/\" target=\"_blank\" rel=\"noopener\">Sini\u0161a Runjai\u0107<\/a>, Institut za hrvatski jezik<\/p>\n<p><a href=\"https:\/\/www.ffzg.unizg.hr\/oling\/?page_id=109\" target=\"_blank\" rel=\"noopener\">Kre\u0161imir \u0160ojat<\/a>, Filozofski fakultet Sveu\u010dili\u0161ta u Zagrebu<\/p>\n<p><a href=\"http:\/\/ihjj.hr\/istrazivac\/kristina-strkalj-despot\/19\/\" target=\"_blank\" rel=\"noopener\">Kristina \u0160trkalj Despot<\/a>, Institut za hrvatski jezik<\/p>\n\n\n<div class=\"wp-block-group\"><div class=\"wp-block-group__inner-container is-layout-constrained wp-block-group-is-layout-constrained\"><\/div><\/div>\n\n\n\n<div class=\"wp-block-columns is-layout-flex wp-container-core-columns-is-layout-9d6595d7 wp-block-columns-is-layout-flex\">\n<div class=\"wp-block-column is-layout-flow wp-block-column-is-layout-flow\" style=\"flex-basis:100%\">\n<div class=\"wp-block-columns is-layout-flex wp-container-core-columns-is-layout-9d6595d7 wp-block-columns-is-layout-flex\">\n<div class=\"wp-block-column is-layout-flow wp-block-column-is-layout-flow\"><\/div>\n<\/div>\n<\/div>\n<\/div>\n","protected":false},"excerpt":{"rendered":"<p>Martina Baj\u010di\u0107, Pravni fakultet Sveu\u010dili\u0161ta u Rijeci Matea Filko, Filozofski fakultet Sveu\u010dili\u0161ta u Zagrebu Maja Matijevi\u0107, Institut za hrvatski jezik Ana Ostro\u0161ki Ani\u0107, Institut za hrvatski jezik, voditeljica Martina Pavi\u0107, Institut za hrvatski jezik Sini\u0161a Runjai\u0107, Institut za hrvatski jezik Kre\u0161imir \u0160ojat, Filozofski fakultet Sveu\u010dili\u0161ta u Zagrebu Kristina \u0160trkalj Despot, Institut za hrvatski jezik<\/p>\n","protected":false},"author":2,"featured_media":0,"parent":0,"menu_order":0,"comment_status":"closed","ping_status":"closed","template":"","meta":{"ocean_post_layout":"","ocean_both_sidebars_style":"","ocean_both_sidebars_content_width":0,"ocean_both_sidebars_sidebars_width":0,"ocean_sidebar":"","ocean_second_sidebar":"","ocean_disable_margins":"enable","ocean_add_body_class":"","ocean_shortcode_before_top_bar":"","ocean_shortcode_after_top_bar":"","ocean_shortcode_before_header":"","ocean_shortcode_after_header":"","ocean_has_shortcode":"","ocean_shortcode_after_title":"","ocean_shortcode_before_footer_widgets":"","ocean_shortcode_after_footer_widgets":"","ocean_shortcode_before_footer_bottom":"","ocean_shortcode_after_footer_bottom":"","ocean_display_top_bar":"default","ocean_display_header":"default","ocean_header_style":"","ocean_center_header_left_menu":"","ocean_custom_header_template":"","ocean_custom_logo":0,"ocean_custom_retina_logo":0,"ocean_custom_logo_max_width":0,"ocean_custom_logo_tablet_max_width":0,"ocean_custom_logo_mobile_max_width":0,"ocean_custom_logo_max_height":0,"ocean_custom_logo_tablet_max_height":0,"ocean_custom_logo_mobile_max_height":0,"ocean_header_custom_menu":"","ocean_menu_typo_font_family":"","ocean_menu_typo_font_subset":"","ocean_menu_typo_font_size":0,"ocean_menu_typo_font_size_tablet":0,"ocean_menu_typo_font_size_mobile":0,"ocean_menu_typo_font_size_unit":"px","ocean_menu_typo_font_weight":"","ocean_menu_typo_font_weight_tablet":"","ocean_menu_typo_font_weight_mobile":"","ocean_menu_typo_transform":"","ocean_menu_typo_transform_tablet":"","ocean_menu_typo_transform_mobile":"","ocean_menu_typo_line_height":0,"ocean_menu_typo_line_height_tablet":0,"ocean_menu_typo_line_height_mobile":0,"ocean_menu_typo_line_height_unit":"","ocean_menu_typo_spacing":0,"ocean_menu_typo_spacing_tablet":0,"ocean_menu_typo_spacing_mobile":0,"ocean_menu_typo_spacing_unit":"","ocean_menu_link_color":"","ocean_menu_link_color_hover":"","ocean_menu_link_color_active":"","ocean_menu_link_background":"","ocean_menu_link_hover_background":"","ocean_menu_link_active_background":"","ocean_menu_social_links_bg":"","ocean_menu_social_hover_links_bg":"","ocean_menu_social_links_color":"","ocean_menu_social_hover_links_color":"","ocean_disable_title":"default","ocean_disable_heading":"default","ocean_post_title":"","ocean_post_subheading":"","ocean_post_title_style":"","ocean_post_title_background_color":"","ocean_post_title_background":0,"ocean_post_title_bg_image_position":"","ocean_post_title_bg_image_attachment":"","ocean_post_title_bg_image_repeat":"","ocean_post_title_bg_image_size":"","ocean_post_title_height":0,"ocean_post_title_bg_overlay":0.5,"ocean_post_title_bg_overlay_color":"","ocean_disable_breadcrumbs":"default","ocean_breadcrumbs_color":"","ocean_breadcrumbs_separator_color":"","ocean_breadcrumbs_links_color":"","ocean_breadcrumbs_links_hover_color":"","ocean_display_footer_widgets":"default","ocean_display_footer_bottom":"default","ocean_custom_footer_template":"","footnotes":""},"class_list":["post-20","page","type-page","status-publish","hentry","entry"],"_links":{"self":[{"href":"https:\/\/sef.jezik.hr\/index.php?rest_route=\/wp\/v2\/pages\/20","targetHints":{"allow":["GET"]}}],"collection":[{"href":"https:\/\/sef.jezik.hr\/index.php?rest_route=\/wp\/v2\/pages"}],"about":[{"href":"https:\/\/sef.jezik.hr\/index.php?rest_route=\/wp\/v2\/types\/page"}],"author":[{"embeddable":true,"href":"https:\/\/sef.jezik.hr\/index.php?rest_route=\/wp\/v2\/users\/2"}],"replies":[{"embeddable":true,"href":"https:\/\/sef.jezik.hr\/index.php?rest_route=%2Fwp%2Fv2%2Fcomments&post=20"}],"version-history":[{"count":4,"href":"https:\/\/sef.jezik.hr\/index.php?rest_route=\/wp\/v2\/pages\/20\/revisions"}],"predecessor-version":[{"id":149,"href":"https:\/\/sef.jezik.hr\/index.php?rest_route=\/wp\/v2\/pages\/20\/revisions\/149"}],"wp:attachment":[{"href":"https:\/\/sef.jezik.hr\/index.php?rest_route=%2Fwp%2Fv2%2Fmedia&parent=20"}],"curies":[{"name":"wp","href":"https:\/\/api.w.org\/{rel}","templated":true}]}}