{"id":42,"date":"2024-11-24T23:26:14","date_gmt":"2024-11-24T23:26:14","guid":{"rendered":"https:\/\/taskterm.eu\/?page_id=42"},"modified":"2025-05-23T16:01:09","modified_gmt":"2025-05-23T16:01:09","slug":"projekti","status":"publish","type":"page","link":"https:\/\/sef.jezik.hr\/?page_id=42","title":{"rendered":"O projektu"},"content":{"rendered":"\n<p>U okviru projekta <em>Semanti\u010dki okviri u hrvatskom jeziku<\/em> (engl. <em>Semantic Frames in the Croatian Language<\/em>, SEF) provode se semanti\u010dka i sintakti\u010dka istra\u017eivanja hrvatskoga jezika prema teorijskim na\u010delima teorije semantike okvira.<\/p>\n\n\n\n<p>Istra\u017eivanja se dijele u tri radna paketa:<\/p>\n\n\n\n<p>a) Izrada <em>Leksikona okvira hrvatskoga jezika<\/em>;<\/p>\n\n\n\n<p>b) Semanti\u010dki okviri u terminolo\u0161kim istra\u017eivanjima;<\/p>\n\n\n\n<p>c) Terminologija i leksikografija u obrazovnom kontekstu.<\/p>\n\n\n\n<p>Znanstveni ciljevi projekta organizirani su prema trima radnim paketima, kao i projektne aktivnosti koje se odnose na teorijska i empirijska istra\u017eivanja i analizu, izradu leksikona semanti\u010dkih okvira prema metodologiji odre\u0111enoj u leksi\u010dkoj bazi FrameNet, izradu specijaliziranoga korpusa i njegovu analizu, provo\u0111enje terminolo\u0161kih istra\u017eivanja o razumijevanju strukture specijaliziranih semanti\u010dkih okvira te odr\u017eavanje terminolo\u0161kih radionica u\u010denicima i studentima. Empirijska istra\u017eivanja poput analize upotrebe semanti\u010dkih okvira u osnovno\u0161kolskom obrazovnom sustavu ili u opisu kategorija strukovnoga znanja provode se u suradnji s vanjskim stru\u010dnjacima iz pojedinih podru\u010dja. Uz odr\u017eana izlaganja i objavljene znanstvene i stru\u010dno-popularne radove provode se i popularizacijske aktivnosti kojima se osvje\u0161tava potreba okupljanja terminolo\u0161kih resursa i provodi edukacija u\u010denika i studenata o va\u017enosti upotrebe terminolo\u0161kih i leksikografskih izvora.<\/p>\n","protected":false},"excerpt":{"rendered":"<p>U okviru projekta Semanti\u010dki okviri u hrvatskom jeziku (engl. Semantic Frames in the Croatian Language, SEF) provode se semanti\u010dka i sintakti\u010dka istra\u017eivanja hrvatskoga jezika prema teorijskim na\u010delima teorije semantike okvira. Istra\u017eivanja se dijele u tri radna paketa: a) Izrada Leksikona okvira hrvatskoga jezika; b) Semanti\u010dki okviri u terminolo\u0161kim istra\u017eivanjima; c) Terminologija i leksikografija u obrazovnom [&hellip;]<\/p>\n","protected":false},"author":2,"featured_media":0,"parent":0,"menu_order":0,"comment_status":"closed","ping_status":"closed","template":"","meta":{"ocean_post_layout":"","ocean_both_sidebars_style":"","ocean_both_sidebars_content_width":0,"ocean_both_sidebars_sidebars_width":0,"ocean_sidebar":"","ocean_second_sidebar":"","ocean_disable_margins":"enable","ocean_add_body_class":"","ocean_shortcode_before_top_bar":"","ocean_shortcode_after_top_bar":"","ocean_shortcode_before_header":"","ocean_shortcode_after_header":"","ocean_has_shortcode":"","ocean_shortcode_after_title":"","ocean_shortcode_before_footer_widgets":"","ocean_shortcode_after_footer_widgets":"","ocean_shortcode_before_footer_bottom":"","ocean_shortcode_after_footer_bottom":"","ocean_display_top_bar":"default","ocean_display_header":"default","ocean_header_style":"","ocean_center_header_left_menu":"","ocean_custom_header_template":"","ocean_custom_logo":0,"ocean_custom_retina_logo":0,"ocean_custom_logo_max_width":0,"ocean_custom_logo_tablet_max_width":0,"ocean_custom_logo_mobile_max_width":0,"ocean_custom_logo_max_height":0,"ocean_custom_logo_tablet_max_height":0,"ocean_custom_logo_mobile_max_height":0,"ocean_header_custom_menu":"","ocean_menu_typo_font_family":"","ocean_menu_typo_font_subset":"","ocean_menu_typo_font_size":0,"ocean_menu_typo_font_size_tablet":0,"ocean_menu_typo_font_size_mobile":0,"ocean_menu_typo_font_size_unit":"px","ocean_menu_typo_font_weight":"","ocean_menu_typo_font_weight_tablet":"","ocean_menu_typo_font_weight_mobile":"","ocean_menu_typo_transform":"","ocean_menu_typo_transform_tablet":"","ocean_menu_typo_transform_mobile":"","ocean_menu_typo_line_height":0,"ocean_menu_typo_line_height_tablet":0,"ocean_menu_typo_line_height_mobile":0,"ocean_menu_typo_line_height_unit":"","ocean_menu_typo_spacing":0,"ocean_menu_typo_spacing_tablet":0,"ocean_menu_typo_spacing_mobile":0,"ocean_menu_typo_spacing_unit":"","ocean_menu_link_color":"","ocean_menu_link_color_hover":"","ocean_menu_link_color_active":"","ocean_menu_link_background":"","ocean_menu_link_hover_background":"","ocean_menu_link_active_background":"","ocean_menu_social_links_bg":"","ocean_menu_social_hover_links_bg":"","ocean_menu_social_links_color":"","ocean_menu_social_hover_links_color":"","ocean_disable_title":"default","ocean_disable_heading":"default","ocean_post_title":"","ocean_post_subheading":"","ocean_post_title_style":"","ocean_post_title_background_color":"","ocean_post_title_background":0,"ocean_post_title_bg_image_position":"","ocean_post_title_bg_image_attachment":"","ocean_post_title_bg_image_repeat":"","ocean_post_title_bg_image_size":"","ocean_post_title_height":0,"ocean_post_title_bg_overlay":0.5,"ocean_post_title_bg_overlay_color":"","ocean_disable_breadcrumbs":"default","ocean_breadcrumbs_color":"","ocean_breadcrumbs_separator_color":"","ocean_breadcrumbs_links_color":"","ocean_breadcrumbs_links_hover_color":"","ocean_display_footer_widgets":"default","ocean_display_footer_bottom":"default","ocean_custom_footer_template":"","footnotes":""},"class_list":["post-42","page","type-page","status-publish","hentry","entry"],"_links":{"self":[{"href":"https:\/\/sef.jezik.hr\/index.php?rest_route=\/wp\/v2\/pages\/42","targetHints":{"allow":["GET"]}}],"collection":[{"href":"https:\/\/sef.jezik.hr\/index.php?rest_route=\/wp\/v2\/pages"}],"about":[{"href":"https:\/\/sef.jezik.hr\/index.php?rest_route=\/wp\/v2\/types\/page"}],"author":[{"embeddable":true,"href":"https:\/\/sef.jezik.hr\/index.php?rest_route=\/wp\/v2\/users\/2"}],"replies":[{"embeddable":true,"href":"https:\/\/sef.jezik.hr\/index.php?rest_route=%2Fwp%2Fv2%2Fcomments&post=42"}],"version-history":[{"count":2,"href":"https:\/\/sef.jezik.hr\/index.php?rest_route=\/wp\/v2\/pages\/42\/revisions"}],"predecessor-version":[{"id":124,"href":"https:\/\/sef.jezik.hr\/index.php?rest_route=\/wp\/v2\/pages\/42\/revisions\/124"}],"wp:attachment":[{"href":"https:\/\/sef.jezik.hr\/index.php?rest_route=%2Fwp%2Fv2%2Fmedia&parent=42"}],"curies":[{"name":"wp","href":"https:\/\/api.w.org\/{rel}","templated":true}]}}